{"id":5953,"date":"2025-06-13T12:36:18","date_gmt":"2025-06-13T17:36:18","guid":{"rendered":"https:\/\/ottotonsmann.edu.pe\/web\/?page_id=5953"},"modified":"2026-04-04T09:09:56","modified_gmt":"2026-04-04T14:09:56","slug":"transparencia","status":"publish","type":"page","link":"https:\/\/ottotonsmann.edu.pe\/web\/index.php\/transparencia\/","title":{"rendered":"Transparencia"},"content":{"rendered":"\t\t<div data-elementor-type=\"wp-page\" data-elementor-id=\"5953\" class=\"elementor elementor-5953\" data-elementor-post-type=\"page\">\n\t\t\t\t<div class=\"elementor-element elementor-element-37d566f e-con-full e-flex e-con e-parent\" data-id=\"37d566f\" data-element_type=\"container\" data-e-type=\"container\">\n\t\t\t\t<div class=\"elementor-element elementor-element-fe5877a elementor-widget elementor-widget-text-editor\" data-id=\"fe5877a\" data-element_type=\"widget\" data-e-type=\"widget\" data-widget_type=\"text-editor.default\">\n\t\t\t\t\t\t\t\t\t<div id=\"metaslider-id-5959\" style=\"width: 100%;\" class=\"ml-slider-3-100-0 metaslider metaslider-flex metaslider-5959 ml-slider ms-theme-default-base nav-hidden\" role=\"region\" aria-label=\"TRANSPARENCIA\" data-height=\"700\" data-width=\"2000\">\n    <div id=\"metaslider_container_5959\">\n        <div id=\"metaslider_5959\">\n            <ul class='slides'>\n                <li style=\"display: block; width: 100%;\" class=\"slide-6941 ms-image \" aria-roledescription=\"slide\" data-date=\"2025-07-01 11:43:29\"><img fetchpriority=\"high\" decoding=\"async\" src=\"https:\/\/ottotonsmann.edu.pe\/web\/wp-content\/uploads\/2026\/03\/BANNERS-DE-PAGINA-WEB-13-1-1921x672.jpg\" height=\"700\" width=\"2000\" alt=\"\" class=\"slider-5959 slide-6941 msDefaultImage\" title=\"BANNERS DE PAGINA WEB-13\" \/><\/li>\n            <\/ul>\n        <\/div>\n        \n    <\/div>\n<\/div>\t\t\t\t\t\t\t\t<\/div>\n\t\t\t\t<\/div>\n\t\t<div class=\"elementor-element elementor-element-083fa2a e-con-full e-flex e-con e-parent\" data-id=\"083fa2a\" data-element_type=\"container\" data-e-type=\"container\" data-settings=\"{&quot;background_background&quot;:&quot;classic&quot;}\">\n\t\t<div class=\"elementor-element elementor-element-c2cd52d e-con-full e-flex e-con e-child\" data-id=\"c2cd52d\" data-element_type=\"container\" data-e-type=\"container\">\n\t\t\t\t<div class=\"elementor-element elementor-element-32c9da6 elementor-widget elementor-widget-eael-adv-accordion\" data-id=\"32c9da6\" data-element_type=\"widget\" data-e-type=\"widget\" data-widget_type=\"eael-adv-accordion.default\">\n\t\t\t\t\t            <div class=\"eael-adv-accordion\" id=\"eael-adv-accordion-32c9da6\" data-scroll-on-click=\"no\" data-scroll-speed=\"300\" data-accordion-id=\"32c9da6\" data-accordion-type=\"accordion\" data-toogle-speed=\"300\">\n            <div class=\"eael-accordion-list\">\n\t\t\t\t\t<div id=\"documentos-de-organizacin-y-gestin\" class=\"elementor-tab-title eael-accordion-header active-default\" tabindex=\"0\" data-tab=\"1\" aria-controls=\"elementor-tab-content-5321\"><span class=\"eael-advanced-accordion-icon-closed\"><svg aria-hidden=\"true\" class=\"fa-accordion-icon e-font-icon-svg e-fas-plus\" viewBox=\"0 0 448 512\" xmlns=\"http:\/\/www.w3.org\/2000\/svg\"><path d=\"M416 208H272V64c0-17.67-14.33-32-32-32h-32c-17.67 0-32 14.33-32 32v144H32c-17.67 0-32 14.33-32 32v32c0 17.67 14.33 32 32 32h144v144c0 17.67 14.33 32 32 32h32c17.67 0 32-14.33 32-32V304h144c17.67 0 32-14.33 32-32v-32c0-17.67-14.33-32-32-32z\"><\/path><\/svg><\/span><span class=\"eael-advanced-accordion-icon-opened\"><svg aria-hidden=\"true\" class=\"fa-accordion-icon e-font-icon-svg e-fas-minus\" viewBox=\"0 0 448 512\" xmlns=\"http:\/\/www.w3.org\/2000\/svg\"><path d=\"M416 208H32c-17.67 0-32 14.33-32 32v32c0 17.67 14.33 32 32 32h384c17.67 0 32-14.33 32-32v-32c0-17.67-14.33-32-32-32z\"><\/path><\/svg><\/span><span class=\"eael-accordion-tab-title\">Documentos de Organizaci\u00f3n y Gesti\u00f3n<\/span><svg aria-hidden=\"true\" class=\"fa-toggle e-font-icon-svg e-fas-angle-down\" viewBox=\"0 0 320 512\" xmlns=\"http:\/\/www.w3.org\/2000\/svg\"><path d=\"M143 352.3L7 216.3c-9.4-9.4-9.4-24.6 0-33.9l22.6-22.6c9.4-9.4 24.6-9.4 33.9 0l96.4 96.4 96.4-96.4c9.4-9.4 24.6-9.4 33.9 0l22.6 22.6c9.4 9.4 9.4 24.6 0 33.9l-136 136c-9.2 9.4-24.4 9.4-33.8 0z\"><\/path><\/svg><\/div><div id=\"elementor-tab-content-5321\" class=\"eael-accordion-content clearfix active-default\" data-tab=\"1\" aria-labelledby=\"documentos-de-organizacin-y-gestin\"><p><a href=\"https:\/\/ottotonsmann.edu.pe\/web\/wp-content\/uploads\/2026\/04\/MPA-2025-2031-1.pdf\" target=\"_blank\" rel=\"noopener\">Manual de Procesos Acad\u00e9micos (MPA)<\/a><br \/><a href=\"https:\/\/ottotonsmann.edu.pe\/web\/wp-content\/uploads\/2026\/04\/RI-2025-2031-1.pdf\" target=\"_blank\" rel=\"noopener\">Reglamente Interno (RI)<\/a><\/p><\/div>\n\t\t\t\t\t<\/div><div class=\"eael-accordion-list\">\n\t\t\t\t\t<div id=\"informacin-de-becas\" class=\"elementor-tab-title eael-accordion-header\" tabindex=\"0\" data-tab=\"2\" aria-controls=\"elementor-tab-content-5322\"><span class=\"eael-advanced-accordion-icon-closed\"><svg aria-hidden=\"true\" class=\"fa-accordion-icon e-font-icon-svg e-fas-plus\" viewBox=\"0 0 448 512\" xmlns=\"http:\/\/www.w3.org\/2000\/svg\"><path d=\"M416 208H272V64c0-17.67-14.33-32-32-32h-32c-17.67 0-32 14.33-32 32v144H32c-17.67 0-32 14.33-32 32v32c0 17.67 14.33 32 32 32h144v144c0 17.67 14.33 32 32 32h32c17.67 0 32-14.33 32-32V304h144c17.67 0 32-14.33 32-32v-32c0-17.67-14.33-32-32-32z\"><\/path><\/svg><\/span><span class=\"eael-advanced-accordion-icon-opened\"><svg aria-hidden=\"true\" class=\"fa-accordion-icon e-font-icon-svg e-fas-minus\" viewBox=\"0 0 448 512\" xmlns=\"http:\/\/www.w3.org\/2000\/svg\"><path d=\"M416 208H32c-17.67 0-32 14.33-32 32v32c0 17.67 14.33 32 32 32h384c17.67 0 32-14.33 32-32v-32c0-17.67-14.33-32-32-32z\"><\/path><\/svg><\/span><span class=\"eael-accordion-tab-title\">Informaci\u00f3n de Becas<\/span><svg aria-hidden=\"true\" class=\"fa-toggle e-font-icon-svg e-fas-angle-down\" viewBox=\"0 0 320 512\" xmlns=\"http:\/\/www.w3.org\/2000\/svg\"><path d=\"M143 352.3L7 216.3c-9.4-9.4-9.4-24.6 0-33.9l22.6-22.6c9.4-9.4 24.6-9.4 33.9 0l96.4 96.4 96.4-96.4c9.4-9.4 24.6-9.4 33.9 0l22.6 22.6c9.4 9.4 9.4 24.6 0 33.9l-136 136c-9.2 9.4-24.4 9.4-33.8 0z\"><\/path><\/svg><\/div><div id=\"elementor-tab-content-5322\" class=\"eael-accordion-content clearfix\" data-tab=\"2\" aria-labelledby=\"informacin-de-becas\"><p><span style=\"color: #034ea9\"><a style=\"color: #034ea9\" href=\"https:\/\/ottotonsmann.edu.pe\/web\/wp-content\/uploads\/2025\/07\/TRANSPARENCIA-BECADOS-2023.pdf\" target=\"_blank\" rel=\"noopener\">Becas Educativas 2023<\/a><\/span><br \/><span style=\"color: #034ea9\"><a style=\"color: #034ea9\" href=\"https:\/\/ottotonsmann.edu.pe\/web\/wp-content\/uploads\/2025\/07\/TRANSPARENCIA-BECADOS-2024.pdf\" target=\"_blank\" rel=\"noopener\">Becas Educativas 2024<\/a><\/span><br \/><span style=\"color: #034ea9\"><a style=\"color: #034ea9\" href=\"https:\/\/ottotonsmann.edu.pe\/web\/wp-content\/uploads\/2025\/10\/BECADOS-2025.pdf\" target=\"_blank\" rel=\"noopener\">Becas Educativas 2025<\/a><\/span><\/p><\/div>\n\t\t\t\t\t<\/div><div class=\"eael-accordion-list\">\n\t\t\t\t\t<div id=\"informacin-econmica\" class=\"elementor-tab-title eael-accordion-header\" tabindex=\"0\" data-tab=\"3\" aria-controls=\"elementor-tab-content-5323\"><span class=\"eael-advanced-accordion-icon-closed\"><svg aria-hidden=\"true\" class=\"fa-accordion-icon e-font-icon-svg e-fas-plus\" viewBox=\"0 0 448 512\" xmlns=\"http:\/\/www.w3.org\/2000\/svg\"><path d=\"M416 208H272V64c0-17.67-14.33-32-32-32h-32c-17.67 0-32 14.33-32 32v144H32c-17.67 0-32 14.33-32 32v32c0 17.67 14.33 32 32 32h144v144c0 17.67 14.33 32 32 32h32c17.67 0 32-14.33 32-32V304h144c17.67 0 32-14.33 32-32v-32c0-17.67-14.33-32-32-32z\"><\/path><\/svg><\/span><span class=\"eael-advanced-accordion-icon-opened\"><svg aria-hidden=\"true\" class=\"fa-accordion-icon e-font-icon-svg e-fas-minus\" viewBox=\"0 0 448 512\" xmlns=\"http:\/\/www.w3.org\/2000\/svg\"><path d=\"M416 208H32c-17.67 0-32 14.33-32 32v32c0 17.67 14.33 32 32 32h384c17.67 0 32-14.33 32-32v-32c0-17.67-14.33-32-32-32z\"><\/path><\/svg><\/span><span class=\"eael-accordion-tab-title\">Informaci\u00f3n Econ\u00f3mica<\/span><svg aria-hidden=\"true\" class=\"fa-toggle e-font-icon-svg e-fas-angle-down\" viewBox=\"0 0 320 512\" xmlns=\"http:\/\/www.w3.org\/2000\/svg\"><path d=\"M143 352.3L7 216.3c-9.4-9.4-9.4-24.6 0-33.9l22.6-22.6c9.4-9.4 24.6-9.4 33.9 0l96.4 96.4 96.4-96.4c9.4-9.4 24.6-9.4 33.9 0l22.6 22.6c9.4 9.4 9.4 24.6 0 33.9l-136 136c-9.2 9.4-24.4 9.4-33.8 0z\"><\/path><\/svg><\/div><div id=\"elementor-tab-content-5323\" class=\"eael-accordion-content clearfix\" data-tab=\"3\" aria-labelledby=\"informacin-econmica\"><p><a href=\"https:\/\/ottotonsmann.edu.pe\/web\/wp-content\/uploads\/2026\/04\/TARIFARIO-2026-0.pdf\" target=\"_blank\" rel=\"noopener\">Tarifario<\/a><\/p><\/div>\n\t\t\t\t\t<\/div><div class=\"eael-accordion-list\">\n\t\t\t\t\t<div id=\"nmero-de-ingresantes-matriculados-y-egresados\" class=\"elementor-tab-title eael-accordion-header\" tabindex=\"0\" data-tab=\"4\" aria-controls=\"elementor-tab-content-5324\"><span class=\"eael-advanced-accordion-icon-closed\"><svg aria-hidden=\"true\" class=\"fa-accordion-icon e-font-icon-svg e-fas-plus\" viewBox=\"0 0 448 512\" xmlns=\"http:\/\/www.w3.org\/2000\/svg\"><path d=\"M416 208H272V64c0-17.67-14.33-32-32-32h-32c-17.67 0-32 14.33-32 32v144H32c-17.67 0-32 14.33-32 32v32c0 17.67 14.33 32 32 32h144v144c0 17.67 14.33 32 32 32h32c17.67 0 32-14.33 32-32V304h144c17.67 0 32-14.33 32-32v-32c0-17.67-14.33-32-32-32z\"><\/path><\/svg><\/span><span class=\"eael-advanced-accordion-icon-opened\"><svg aria-hidden=\"true\" class=\"fa-accordion-icon e-font-icon-svg e-fas-minus\" viewBox=\"0 0 448 512\" xmlns=\"http:\/\/www.w3.org\/2000\/svg\"><path d=\"M416 208H32c-17.67 0-32 14.33-32 32v32c0 17.67 14.33 32 32 32h384c17.67 0 32-14.33 32-32v-32c0-17.67-14.33-32-32-32z\"><\/path><\/svg><\/span><span class=\"eael-accordion-tab-title\">N\u00famero de ingresantes, matriculados y egresados<\/span><svg aria-hidden=\"true\" class=\"fa-toggle e-font-icon-svg e-fas-angle-down\" viewBox=\"0 0 320 512\" xmlns=\"http:\/\/www.w3.org\/2000\/svg\"><path d=\"M143 352.3L7 216.3c-9.4-9.4-9.4-24.6 0-33.9l22.6-22.6c9.4-9.4 24.6-9.4 33.9 0l96.4 96.4 96.4-96.4c9.4-9.4 24.6-9.4 33.9 0l22.6 22.6c9.4 9.4 9.4 24.6 0 33.9l-136 136c-9.2 9.4-24.4 9.4-33.8 0z\"><\/path><\/svg><\/div><div id=\"elementor-tab-content-5324\" class=\"eael-accordion-content clearfix\" data-tab=\"4\" aria-labelledby=\"nmero-de-ingresantes-matriculados-y-egresados\"><p><a href=\"https:\/\/ottotonsmann.edu.pe\/web\/wp-content\/uploads\/2026\/04\/TRANSPARENCIA-INGRESANTE-2026.pdf\" target=\"_blank\" rel=\"noopener\"><span style=\"color: #034ea9\">Ingresantes<\/span><\/a><br \/><a href=\"https:\/\/ottotonsmann.edu.pe\/web\/wp-content\/uploads\/2026\/04\/TRASPARENCIA-MATRICULADOS-2026.pdf\" target=\"_blank\" rel=\"noopener\"><span style=\"color: #034ea9\">Matriculados<\/span><\/a><br \/><a href=\"https:\/\/ottotonsmann.edu.pe\/web\/wp-content\/uploads\/2026\/04\/TRASPARENCIA-EGRESADO-2026.pdf\" target=\"_blank\" rel=\"noopener\"><span style=\"color: #034ea9\">Egresados<\/span><\/a><\/p><\/div>\n\t\t\t\t\t<\/div><div class=\"eael-accordion-list\">\n\t\t\t\t\t<div id=\"informacin-docente\" class=\"elementor-tab-title eael-accordion-header\" tabindex=\"0\" data-tab=\"5\" aria-controls=\"elementor-tab-content-5325\"><span class=\"eael-advanced-accordion-icon-closed\"><svg aria-hidden=\"true\" class=\"fa-accordion-icon e-font-icon-svg e-fas-plus\" viewBox=\"0 0 448 512\" xmlns=\"http:\/\/www.w3.org\/2000\/svg\"><path d=\"M416 208H272V64c0-17.67-14.33-32-32-32h-32c-17.67 0-32 14.33-32 32v144H32c-17.67 0-32 14.33-32 32v32c0 17.67 14.33 32 32 32h144v144c0 17.67 14.33 32 32 32h32c17.67 0 32-14.33 32-32V304h144c17.67 0 32-14.33 32-32v-32c0-17.67-14.33-32-32-32z\"><\/path><\/svg><\/span><span class=\"eael-advanced-accordion-icon-opened\"><svg aria-hidden=\"true\" class=\"fa-accordion-icon e-font-icon-svg e-fas-minus\" viewBox=\"0 0 448 512\" xmlns=\"http:\/\/www.w3.org\/2000\/svg\"><path d=\"M416 208H32c-17.67 0-32 14.33-32 32v32c0 17.67 14.33 32 32 32h384c17.67 0 32-14.33 32-32v-32c0-17.67-14.33-32-32-32z\"><\/path><\/svg><\/span><span class=\"eael-accordion-tab-title\">Informaci\u00f3n Docente<\/span><svg aria-hidden=\"true\" class=\"fa-toggle e-font-icon-svg e-fas-angle-down\" viewBox=\"0 0 320 512\" xmlns=\"http:\/\/www.w3.org\/2000\/svg\"><path d=\"M143 352.3L7 216.3c-9.4-9.4-9.4-24.6 0-33.9l22.6-22.6c9.4-9.4 24.6-9.4 33.9 0l96.4 96.4 96.4-96.4c9.4-9.4 24.6-9.4 33.9 0l22.6 22.6c9.4 9.4 9.4 24.6 0 33.9l-136 136c-9.2 9.4-24.4 9.4-33.8 0z\"><\/path><\/svg><\/div><div id=\"elementor-tab-content-5325\" class=\"eael-accordion-content clearfix\" data-tab=\"5\" aria-labelledby=\"informacin-docente\"><p><span style=\"color: #034ea9\"><a style=\"color: #034ea9\" href=\"https:\/\/ottotonsmann.edu.pe\/web\/wp-content\/uploads\/2026\/04\/TRANSPARENCIA-DOCENTES-1.pdf\" target=\"_blank\" rel=\"noopener\">Docentes<\/a><\/span><\/p><\/div>\n\t\t\t\t\t<\/div><\/div>\t\t\t\t<\/div>\n\t\t\t\t<\/div>\n\t\t\t\t<\/div>\n\t\t\t\t<\/div>\n\t\t","protected":false},"excerpt":{"rendered":"<p>Documentos de Organizaci\u00f3n y Gesti\u00f3n Manual de Procesos Acad\u00e9micos (MPA)Reglamente Interno (RI) Informaci\u00f3n de Becas Becas Educativas 2023Becas Educativas 2024Becas Educativas 2025 Informaci\u00f3n Econ\u00f3mica Tarifario N\u00famero de ingresantes, matriculados y egresados IngresantesMatriculadosEgresados Informaci\u00f3n Docente Docentes<\/p>\n","protected":false},"author":1,"featured_media":0,"parent":0,"menu_order":0,"comment_status":"closed","ping_status":"closed","template":"","meta":{"footnotes":""},"class_list":["post-5953","page","type-page","status-publish","hentry"],"_links":{"self":[{"href":"https:\/\/ottotonsmann.edu.pe\/web\/index.php\/wp-json\/wp\/v2\/pages\/5953","targetHints":{"allow":["GET"]}}],"collection":[{"href":"https:\/\/ottotonsmann.edu.pe\/web\/index.php\/wp-json\/wp\/v2\/pages"}],"about":[{"href":"https:\/\/ottotonsmann.edu.pe\/web\/index.php\/wp-json\/wp\/v2\/types\/page"}],"author":[{"embeddable":true,"href":"https:\/\/ottotonsmann.edu.pe\/web\/index.php\/wp-json\/wp\/v2\/users\/1"}],"replies":[{"embeddable":true,"href":"https:\/\/ottotonsmann.edu.pe\/web\/index.php\/wp-json\/wp\/v2\/comments?post=5953"}],"version-history":[{"count":172,"href":"https:\/\/ottotonsmann.edu.pe\/web\/index.php\/wp-json\/wp\/v2\/pages\/5953\/revisions"}],"predecessor-version":[{"id":8520,"href":"https:\/\/ottotonsmann.edu.pe\/web\/index.php\/wp-json\/wp\/v2\/pages\/5953\/revisions\/8520"}],"wp:attachment":[{"href":"https:\/\/ottotonsmann.edu.pe\/web\/index.php\/wp-json\/wp\/v2\/media?parent=5953"}],"curies":[{"name":"wp","href":"https:\/\/api.w.org\/{rel}","templated":true}]}}